{"id":4892,"date":"2024-10-14T14:45:24","date_gmt":"2024-10-14T14:45:24","guid":{"rendered":"https:\/\/www.organohorta.com.br\/organohorta3\/maintenance-page\/"},"modified":"2024-10-14T15:14:04","modified_gmt":"2024-10-14T15:14:04","slug":"maintenance-page","status":"publish","type":"page","link":"https:\/\/www.organohorta.com.br\/organohorta3\/","title":{"rendered":"Maintenance Page"},"content":{"rendered":"<div id=\"dslc-theme-content\"><div id=\"dslc-theme-content-inner\"><div id=\"wp-block-themeisle-blocks-advanced-columns-bf315cc5\" class=\"wp-block-themeisle-blocks-advanced-columns alignfull has-1-columns has-desktop-equal-layout has-tablet-equal-layout has-mobile-equal-layout has-vertical-center has-dark-bg\"><div class=\"wp-block-themeisle-blocks-advanced-columns-overlay\"><\/div><div class=\"innerblocks-wrap\"><div id=\"wp-block-themeisle-blocks-advanced-column-7b61437b\" class=\"wp-block-themeisle-blocks-advanced-column\"><div class=\"wp-block-group has-white-color has-text-color\"><div class=\"wp-block-group__inner-container is-layout-flow wp-block-group-is-layout-flow\"><h1 id=\"wp-block-themeisle-blocks-advanced-heading-81277ea5\" class=\"wp-block-themeisle-blocks-advanced-heading wp-block-themeisle-blocks-advanced-heading-81277ea5\">este site est\u00e1 em manuten\u00e7\u00e3o<\/h1>\n\n<div style=\"height:40px\" aria-hidden=\"true\" class=\"wp-block-spacer\"><\/div>\n\n<p id=\"wp-block-themeisle-blocks-advanced-heading-a458b450\" class=\"wp-block-themeisle-blocks-advanced-heading wp-block-themeisle-blocks-advanced-heading-a458b450\">Estamos fazendo algumas atualiza\u00e7\u00f5es em nosso site e estaremos fora do ar durante algum tempo.<\/p>\n\n<div style=\"height:40px\" aria-hidden=\"true\" class=\"wp-block-spacer\"><\/div><\/div><\/div><\/div><\/div><\/div><\/div><\/div>","protected":false},"excerpt":{"rendered":"","protected":false},"author":1,"featured_media":4894,"parent":0,"menu_order":0,"comment_status":"closed","ping_status":"closed","template":"templates\/wpmm-page-template.php","meta":{"_themeisle_gutenberg_block_has_review":false,"footnotes":""},"class_list":["post-4892","page","type-page","status-publish","has-post-thumbnail","czr-hentry"],"_links":{"self":[{"href":"https:\/\/www.organohorta.com.br\/organohorta3\/wp-json\/wp\/v2\/pages\/4892","targetHints":{"allow":["GET"]}}],"collection":[{"href":"https:\/\/www.organohorta.com.br\/organohorta3\/wp-json\/wp\/v2\/pages"}],"about":[{"href":"https:\/\/www.organohorta.com.br\/organohorta3\/wp-json\/wp\/v2\/types\/page"}],"author":[{"embeddable":true,"href":"https:\/\/www.organohorta.com.br\/organohorta3\/wp-json\/wp\/v2\/users\/1"}],"replies":[{"embeddable":true,"href":"https:\/\/www.organohorta.com.br\/organohorta3\/wp-json\/wp\/v2\/comments?post=4892"}],"version-history":[{"count":3,"href":"https:\/\/www.organohorta.com.br\/organohorta3\/wp-json\/wp\/v2\/pages\/4892\/revisions"}],"predecessor-version":[{"id":4899,"href":"https:\/\/www.organohorta.com.br\/organohorta3\/wp-json\/wp\/v2\/pages\/4892\/revisions\/4899"}],"wp:featuredmedia":[{"embeddable":true,"href":"https:\/\/www.organohorta.com.br\/organohorta3\/wp-json\/wp\/v2\/media\/4894"}],"wp:attachment":[{"href":"https:\/\/www.organohorta.com.br\/organohorta3\/wp-json\/wp\/v2\/media?parent=4892"}],"curies":[{"name":"wp","href":"https:\/\/api.w.org\/{rel}","templated":true}]}}